{"id":133,"date":"2016-01-28T12:41:14","date_gmt":"2016-01-28T12:41:14","guid":{"rendered":"http:\/\/demo.themegrill.com\/estore\/?page_id=133"},"modified":"2025-03-03T12:22:22","modified_gmt":"2025-03-03T11:22:22","slug":"multicolor-multipurpose-woocommerce-theme","status":"publish","type":"page","link":"https:\/\/tortyrudaslaska.pl\/","title":{"rendered":""},"content":{"rendered":"<section class=\"kc-elm kc-css-737976 kc_row\"><div class=\"kc-row-container  kc-container\"><div class=\"kc-wrap-columns\"><div class=\"kc-elm kc-css-48834 kc_col-sm-12 kc_column kc_col-sm-12\"><div class=\"kc-col-container\"><div class=\"kc-elm kc-css-488311 kc_text_block\"><\/p>\n<p><strong>Ka\u017cda dostawa przy zakupach powy\u017cej 160 z\u0142 gratis ( do 15 km&nbsp; oraz na terenie Rudy \u015al\u0105skiej).<\/strong><\/p>\n<p><strong>ZAM\u00d3WIENIE EXPRESOWE NA TEL. 512-543-965<\/strong><\/p>\n<p>\n<\/div><\/div><\/div><\/div><\/div><\/section>\n","protected":false},"excerpt":{"rendered":"","protected":false},"author":1,"featured_media":0,"parent":0,"menu_order":0,"comment_status":"closed","ping_status":"closed","template":"template-homepage.php","meta":{"footnotes":""},"class_list":["post-133","page","type-page","status-publish","hentry"],"yoast_head":"<!-- This site is optimized with the Yoast SEO plugin v27.3 - https:\/\/yoast.com\/product\/yoast-seo-wordpress\/ -->\n<title>- Cukiernia Lux<\/title>\n<meta name=\"robots\" content=\"index, follow, max-snippet:-1, max-image-preview:large, max-video-preview:-1\" \/>\n<link rel=\"canonical\" href=\"https:\/\/tortyrudaslaska.pl\/\" \/>\n<meta property=\"og:locale\" content=\"pl_PL\" \/>\n<meta property=\"og:type\" content=\"article\" \/>\n<meta property=\"og:title\" content=\"- Cukiernia Lux\" \/>\n<meta property=\"og:description\" content=\"Ka\u017cda dostawa przy zakupach powy\u017cej 160 z\u0142 gratis ( do 15 km&nbsp; oraz na terenie Rudy \u015al\u0105skiej). ZAM\u00d3WIENIE EXPRESOWE NA TEL. 512-543-965\" \/>\n<meta property=\"og:url\" content=\"https:\/\/tortyrudaslaska.pl\/\" \/>\n<meta property=\"og:site_name\" content=\"Cukiernia Lux\" \/>\n<meta property=\"article:modified_time\" content=\"2025-03-03T11:22:22+00:00\" \/>\n<meta name=\"twitter:card\" content=\"summary_large_image\" \/>\n<meta name=\"twitter:label1\" content=\"Szacowany czas czytania\" \/>\n\t<meta name=\"twitter:data1\" content=\"1 minuta\" \/>\n<script type=\"application\/ld+json\" class=\"yoast-schema-graph\">{\"@context\":\"https:\\\/\\\/schema.org\",\"@graph\":[{\"@type\":\"WebPage\",\"@id\":\"https:\\\/\\\/tortyrudaslaska.pl\\\/\",\"url\":\"https:\\\/\\\/tortyrudaslaska.pl\\\/\",\"name\":\"- Cukiernia Lux\",\"isPartOf\":{\"@id\":\"https:\\\/\\\/tortyrudaslaska.pl\\\/#website\"},\"datePublished\":\"2016-01-28T12:41:14+00:00\",\"dateModified\":\"2025-03-03T11:22:22+00:00\",\"inLanguage\":\"pl-PL\",\"potentialAction\":[{\"@type\":\"ReadAction\",\"target\":[\"https:\\\/\\\/tortyrudaslaska.pl\\\/\"]}]},{\"@type\":\"WebSite\",\"@id\":\"https:\\\/\\\/tortyrudaslaska.pl\\\/#website\",\"url\":\"https:\\\/\\\/tortyrudaslaska.pl\\\/\",\"name\":\"Cukiernia Lux\",\"description\":\"Torty to nasza specjalno\u015b\u0107\",\"publisher\":{\"@id\":\"https:\\\/\\\/tortyrudaslaska.pl\\\/#organization\"},\"potentialAction\":[{\"@type\":\"SearchAction\",\"target\":{\"@type\":\"EntryPoint\",\"urlTemplate\":\"https:\\\/\\\/tortyrudaslaska.pl\\\/?s={search_term_string}\"},\"query-input\":{\"@type\":\"PropertyValueSpecification\",\"valueRequired\":true,\"valueName\":\"search_term_string\"}}],\"inLanguage\":\"pl-PL\"},{\"@type\":\"Organization\",\"@id\":\"https:\\\/\\\/tortyrudaslaska.pl\\\/#organization\",\"name\":\"Cukiernia Lux\",\"url\":\"https:\\\/\\\/tortyrudaslaska.pl\\\/\",\"logo\":{\"@type\":\"ImageObject\",\"inLanguage\":\"pl-PL\",\"@id\":\"https:\\\/\\\/tortyrudaslaska.pl\\\/#\\\/schema\\\/logo\\\/image\\\/\",\"url\":\"https:\\\/\\\/tortyrudaslaska.pl\\\/wp-content\\\/uploads\\\/2023\\\/02\\\/logo_200x110.png\",\"contentUrl\":\"https:\\\/\\\/tortyrudaslaska.pl\\\/wp-content\\\/uploads\\\/2023\\\/02\\\/logo_200x110.png\",\"width\":200,\"height\":110,\"caption\":\"Cukiernia Lux\"},\"image\":{\"@id\":\"https:\\\/\\\/tortyrudaslaska.pl\\\/#\\\/schema\\\/logo\\\/image\\\/\"}}]}<\/script>\n<!-- \/ Yoast SEO plugin. -->","yoast_head_json":{"title":"- Cukiernia Lux","robots":{"index":"index","follow":"follow","max-snippet":"max-snippet:-1","max-image-preview":"max-image-preview:large","max-video-preview":"max-video-preview:-1"},"canonical":"https:\/\/tortyrudaslaska.pl\/","og_locale":"pl_PL","og_type":"article","og_title":"- Cukiernia Lux","og_description":"Ka\u017cda dostawa przy zakupach powy\u017cej 160 z\u0142 gratis ( do 15 km&nbsp; oraz na terenie Rudy \u015al\u0105skiej). ZAM\u00d3WIENIE EXPRESOWE NA TEL. 512-543-965","og_url":"https:\/\/tortyrudaslaska.pl\/","og_site_name":"Cukiernia Lux","article_modified_time":"2025-03-03T11:22:22+00:00","twitter_card":"summary_large_image","twitter_misc":{"Szacowany czas czytania":"1 minuta"},"schema":{"@context":"https:\/\/schema.org","@graph":[{"@type":"WebPage","@id":"https:\/\/tortyrudaslaska.pl\/","url":"https:\/\/tortyrudaslaska.pl\/","name":"- Cukiernia Lux","isPartOf":{"@id":"https:\/\/tortyrudaslaska.pl\/#website"},"datePublished":"2016-01-28T12:41:14+00:00","dateModified":"2025-03-03T11:22:22+00:00","inLanguage":"pl-PL","potentialAction":[{"@type":"ReadAction","target":["https:\/\/tortyrudaslaska.pl\/"]}]},{"@type":"WebSite","@id":"https:\/\/tortyrudaslaska.pl\/#website","url":"https:\/\/tortyrudaslaska.pl\/","name":"Cukiernia Lux","description":"Torty to nasza specjalno\u015b\u0107","publisher":{"@id":"https:\/\/tortyrudaslaska.pl\/#organization"},"potentialAction":[{"@type":"SearchAction","target":{"@type":"EntryPoint","urlTemplate":"https:\/\/tortyrudaslaska.pl\/?s={search_term_string}"},"query-input":{"@type":"PropertyValueSpecification","valueRequired":true,"valueName":"search_term_string"}}],"inLanguage":"pl-PL"},{"@type":"Organization","@id":"https:\/\/tortyrudaslaska.pl\/#organization","name":"Cukiernia Lux","url":"https:\/\/tortyrudaslaska.pl\/","logo":{"@type":"ImageObject","inLanguage":"pl-PL","@id":"https:\/\/tortyrudaslaska.pl\/#\/schema\/logo\/image\/","url":"https:\/\/tortyrudaslaska.pl\/wp-content\/uploads\/2023\/02\/logo_200x110.png","contentUrl":"https:\/\/tortyrudaslaska.pl\/wp-content\/uploads\/2023\/02\/logo_200x110.png","width":200,"height":110,"caption":"Cukiernia Lux"},"image":{"@id":"https:\/\/tortyrudaslaska.pl\/#\/schema\/logo\/image\/"}}]}},"_links":{"self":[{"href":"https:\/\/tortyrudaslaska.pl\/index.php\/wp-json\/wp\/v2\/pages\/133","targetHints":{"allow":["GET"]}}],"collection":[{"href":"https:\/\/tortyrudaslaska.pl\/index.php\/wp-json\/wp\/v2\/pages"}],"about":[{"href":"https:\/\/tortyrudaslaska.pl\/index.php\/wp-json\/wp\/v2\/types\/page"}],"author":[{"embeddable":true,"href":"https:\/\/tortyrudaslaska.pl\/index.php\/wp-json\/wp\/v2\/users\/1"}],"replies":[{"embeddable":true,"href":"https:\/\/tortyrudaslaska.pl\/index.php\/wp-json\/wp\/v2\/comments?post=133"}],"version-history":[{"count":14,"href":"https:\/\/tortyrudaslaska.pl\/index.php\/wp-json\/wp\/v2\/pages\/133\/revisions"}],"predecessor-version":[{"id":1740,"href":"https:\/\/tortyrudaslaska.pl\/index.php\/wp-json\/wp\/v2\/pages\/133\/revisions\/1740"}],"wp:attachment":[{"href":"https:\/\/tortyrudaslaska.pl\/index.php\/wp-json\/wp\/v2\/media?parent=133"}],"curies":[{"name":"wp","href":"https:\/\/api.w.org\/{rel}","templated":true}]}}