{"id":1580,"date":"2021-03-20T06:40:43","date_gmt":"2021-03-20T05:40:43","guid":{"rendered":"https:\/\/tortyrudaslaska.pl\/?post_type=product&#038;p=1580"},"modified":"2025-03-03T11:50:44","modified_gmt":"2025-03-03T10:50:44","slug":"tort-weselny","status":"publish","type":"product","link":"https:\/\/tortyrudaslaska.pl\/index.php\/produkt\/tort-weselny\/","title":{"rendered":"Tort weselny"},"content":{"rendered":"<p>Baz\u0105 tortu jest jest puszysty, wykonany z naturalnych sk\u0142adnik\u00f3w biszkopt oraz prawdziwa jedyna w swoim rodzaju \u015bmietana. Dodatkiem do tortu s\u0105 r\u00f3\u017cnego rodzaju owoce.<\/p>\n","protected":false},"excerpt":{"rendered":"<h3><span style=\"color: #ff0000;\"><strong>Zam\u00f3wienia expresowe tel. 512 543 965.<\/strong><\/span><\/h3>\n","protected":false},"featured_media":1585,"template":"","meta":[],"product_brand":[],"product_cat":[70,59],"product_tag":[],"class_list":{"0":"post-1580","1":"product","2":"type-product","3":"status-publish","4":"has-post-thumbnail","6":"product_cat-torty","7":"product_cat-torty-weselne","9":"first","10":"instock","11":"shipping-taxable","12":"purchasable","13":"product-type-variable"},"yoast_head":"<!-- This site is optimized with the Yoast SEO plugin v27.5 - https:\/\/yoast.com\/product\/yoast-seo-wordpress\/ -->\n<title>Tort weselny - Cukiernia Lux<\/title>\n<meta name=\"robots\" content=\"index, follow, max-snippet:-1, max-image-preview:large, max-video-preview:-1\" \/>\n<link rel=\"canonical\" href=\"https:\/\/tortyrudaslaska.pl\/index.php\/produkt\/tort-weselny\/\" \/>\n<meta property=\"og:locale\" content=\"pl_PL\" \/>\n<meta property=\"og:type\" content=\"article\" \/>\n<meta property=\"og:title\" content=\"Tort weselny - Cukiernia Lux\" \/>\n<meta property=\"og:description\" content=\"Zam\u00f3wienia expresowe tel. 512 543 965.\" \/>\n<meta property=\"og:url\" content=\"https:\/\/tortyrudaslaska.pl\/index.php\/produkt\/tort-weselny\/\" \/>\n<meta property=\"og:site_name\" content=\"Cukiernia Lux\" \/>\n<meta property=\"article:modified_time\" content=\"2025-03-03T10:50:44+00:00\" \/>\n<meta property=\"og:image\" content=\"https:\/\/tortyrudaslaska.pl\/wp-content\/uploads\/2021\/03\/weselny.jpg\" \/>\n\t<meta property=\"og:image:width\" content=\"1747\" \/>\n\t<meta property=\"og:image:height\" content=\"1240\" \/>\n\t<meta property=\"og:image:type\" content=\"image\/jpeg\" \/>\n<meta name=\"twitter:card\" content=\"summary_large_image\" \/>\n<meta name=\"twitter:label1\" content=\"Szacowany czas czytania\" \/>\n\t<meta name=\"twitter:data1\" content=\"1 minuta\" \/>\n<script type=\"application\/ld+json\" class=\"yoast-schema-graph\">{\"@context\":\"https:\\\/\\\/schema.org\",\"@graph\":[{\"@type\":\"WebPage\",\"@id\":\"https:\\\/\\\/tortyrudaslaska.pl\\\/index.php\\\/produkt\\\/tort-weselny\\\/\",\"url\":\"https:\\\/\\\/tortyrudaslaska.pl\\\/index.php\\\/produkt\\\/tort-weselny\\\/\",\"name\":\"Tort weselny - Cukiernia Lux\",\"isPartOf\":{\"@id\":\"https:\\\/\\\/tortyrudaslaska.pl\\\/#website\"},\"primaryImageOfPage\":{\"@id\":\"https:\\\/\\\/tortyrudaslaska.pl\\\/index.php\\\/produkt\\\/tort-weselny\\\/#primaryimage\"},\"image\":{\"@id\":\"https:\\\/\\\/tortyrudaslaska.pl\\\/index.php\\\/produkt\\\/tort-weselny\\\/#primaryimage\"},\"thumbnailUrl\":\"https:\\\/\\\/tortyrudaslaska.pl\\\/wp-content\\\/uploads\\\/2021\\\/03\\\/weselny.jpg\",\"datePublished\":\"2021-03-20T05:40:43+00:00\",\"dateModified\":\"2025-03-03T10:50:44+00:00\",\"breadcrumb\":{\"@id\":\"https:\\\/\\\/tortyrudaslaska.pl\\\/index.php\\\/produkt\\\/tort-weselny\\\/#breadcrumb\"},\"inLanguage\":\"pl-PL\",\"potentialAction\":[{\"@type\":\"ReadAction\",\"target\":[\"https:\\\/\\\/tortyrudaslaska.pl\\\/index.php\\\/produkt\\\/tort-weselny\\\/\"]}]},{\"@type\":\"ImageObject\",\"inLanguage\":\"pl-PL\",\"@id\":\"https:\\\/\\\/tortyrudaslaska.pl\\\/index.php\\\/produkt\\\/tort-weselny\\\/#primaryimage\",\"url\":\"https:\\\/\\\/tortyrudaslaska.pl\\\/wp-content\\\/uploads\\\/2021\\\/03\\\/weselny.jpg\",\"contentUrl\":\"https:\\\/\\\/tortyrudaslaska.pl\\\/wp-content\\\/uploads\\\/2021\\\/03\\\/weselny.jpg\",\"width\":1747,\"height\":1240},{\"@type\":\"BreadcrumbList\",\"@id\":\"https:\\\/\\\/tortyrudaslaska.pl\\\/index.php\\\/produkt\\\/tort-weselny\\\/#breadcrumb\",\"itemListElement\":[{\"@type\":\"ListItem\",\"position\":1,\"name\":\"Strona g\u0142\u00f3wna\",\"item\":\"https:\\\/\\\/tortyrudaslaska.pl\\\/\"},{\"@type\":\"ListItem\",\"position\":2,\"name\":\"Sklep\",\"item\":\"https:\\\/\\\/tortyrudaslaska.pl\\\/index.php\\\/shop\\\/\"},{\"@type\":\"ListItem\",\"position\":3,\"name\":\"Tort weselny\"}]},{\"@type\":\"WebSite\",\"@id\":\"https:\\\/\\\/tortyrudaslaska.pl\\\/#website\",\"url\":\"https:\\\/\\\/tortyrudaslaska.pl\\\/\",\"name\":\"Cukiernia Lux\",\"description\":\"Torty to nasza specjalno\u015b\u0107\",\"publisher\":{\"@id\":\"https:\\\/\\\/tortyrudaslaska.pl\\\/#organization\"},\"potentialAction\":[{\"@type\":\"SearchAction\",\"target\":{\"@type\":\"EntryPoint\",\"urlTemplate\":\"https:\\\/\\\/tortyrudaslaska.pl\\\/?s={search_term_string}\"},\"query-input\":{\"@type\":\"PropertyValueSpecification\",\"valueRequired\":true,\"valueName\":\"search_term_string\"}}],\"inLanguage\":\"pl-PL\"},{\"@type\":\"Organization\",\"@id\":\"https:\\\/\\\/tortyrudaslaska.pl\\\/#organization\",\"name\":\"Cukiernia Lux\",\"url\":\"https:\\\/\\\/tortyrudaslaska.pl\\\/\",\"logo\":{\"@type\":\"ImageObject\",\"inLanguage\":\"pl-PL\",\"@id\":\"https:\\\/\\\/tortyrudaslaska.pl\\\/#\\\/schema\\\/logo\\\/image\\\/\",\"url\":\"https:\\\/\\\/tortyrudaslaska.pl\\\/wp-content\\\/uploads\\\/2023\\\/02\\\/logo_200x110.png\",\"contentUrl\":\"https:\\\/\\\/tortyrudaslaska.pl\\\/wp-content\\\/uploads\\\/2023\\\/02\\\/logo_200x110.png\",\"width\":200,\"height\":110,\"caption\":\"Cukiernia Lux\"},\"image\":{\"@id\":\"https:\\\/\\\/tortyrudaslaska.pl\\\/#\\\/schema\\\/logo\\\/image\\\/\"}}]}<\/script>\n<!-- \/ Yoast SEO plugin. -->","yoast_head_json":{"title":"Tort weselny - Cukiernia Lux","robots":{"index":"index","follow":"follow","max-snippet":"max-snippet:-1","max-image-preview":"max-image-preview:large","max-video-preview":"max-video-preview:-1"},"canonical":"https:\/\/tortyrudaslaska.pl\/index.php\/produkt\/tort-weselny\/","og_locale":"pl_PL","og_type":"article","og_title":"Tort weselny - Cukiernia Lux","og_description":"Zam\u00f3wienia expresowe tel. 512 543 965.","og_url":"https:\/\/tortyrudaslaska.pl\/index.php\/produkt\/tort-weselny\/","og_site_name":"Cukiernia Lux","article_modified_time":"2025-03-03T10:50:44+00:00","og_image":[{"width":1747,"height":1240,"url":"https:\/\/tortyrudaslaska.pl\/wp-content\/uploads\/2021\/03\/weselny.jpg","type":"image\/jpeg"}],"twitter_card":"summary_large_image","twitter_misc":{"Szacowany czas czytania":"1 minuta"},"schema":{"@context":"https:\/\/schema.org","@graph":[{"@type":"WebPage","@id":"https:\/\/tortyrudaslaska.pl\/index.php\/produkt\/tort-weselny\/","url":"https:\/\/tortyrudaslaska.pl\/index.php\/produkt\/tort-weselny\/","name":"Tort weselny - Cukiernia Lux","isPartOf":{"@id":"https:\/\/tortyrudaslaska.pl\/#website"},"primaryImageOfPage":{"@id":"https:\/\/tortyrudaslaska.pl\/index.php\/produkt\/tort-weselny\/#primaryimage"},"image":{"@id":"https:\/\/tortyrudaslaska.pl\/index.php\/produkt\/tort-weselny\/#primaryimage"},"thumbnailUrl":"https:\/\/tortyrudaslaska.pl\/wp-content\/uploads\/2021\/03\/weselny.jpg","datePublished":"2021-03-20T05:40:43+00:00","dateModified":"2025-03-03T10:50:44+00:00","breadcrumb":{"@id":"https:\/\/tortyrudaslaska.pl\/index.php\/produkt\/tort-weselny\/#breadcrumb"},"inLanguage":"pl-PL","potentialAction":[{"@type":"ReadAction","target":["https:\/\/tortyrudaslaska.pl\/index.php\/produkt\/tort-weselny\/"]}]},{"@type":"ImageObject","inLanguage":"pl-PL","@id":"https:\/\/tortyrudaslaska.pl\/index.php\/produkt\/tort-weselny\/#primaryimage","url":"https:\/\/tortyrudaslaska.pl\/wp-content\/uploads\/2021\/03\/weselny.jpg","contentUrl":"https:\/\/tortyrudaslaska.pl\/wp-content\/uploads\/2021\/03\/weselny.jpg","width":1747,"height":1240},{"@type":"BreadcrumbList","@id":"https:\/\/tortyrudaslaska.pl\/index.php\/produkt\/tort-weselny\/#breadcrumb","itemListElement":[{"@type":"ListItem","position":1,"name":"Strona g\u0142\u00f3wna","item":"https:\/\/tortyrudaslaska.pl\/"},{"@type":"ListItem","position":2,"name":"Sklep","item":"https:\/\/tortyrudaslaska.pl\/index.php\/shop\/"},{"@type":"ListItem","position":3,"name":"Tort weselny"}]},{"@type":"WebSite","@id":"https:\/\/tortyrudaslaska.pl\/#website","url":"https:\/\/tortyrudaslaska.pl\/","name":"Cukiernia Lux","description":"Torty to nasza specjalno\u015b\u0107","publisher":{"@id":"https:\/\/tortyrudaslaska.pl\/#organization"},"potentialAction":[{"@type":"SearchAction","target":{"@type":"EntryPoint","urlTemplate":"https:\/\/tortyrudaslaska.pl\/?s={search_term_string}"},"query-input":{"@type":"PropertyValueSpecification","valueRequired":true,"valueName":"search_term_string"}}],"inLanguage":"pl-PL"},{"@type":"Organization","@id":"https:\/\/tortyrudaslaska.pl\/#organization","name":"Cukiernia Lux","url":"https:\/\/tortyrudaslaska.pl\/","logo":{"@type":"ImageObject","inLanguage":"pl-PL","@id":"https:\/\/tortyrudaslaska.pl\/#\/schema\/logo\/image\/","url":"https:\/\/tortyrudaslaska.pl\/wp-content\/uploads\/2023\/02\/logo_200x110.png","contentUrl":"https:\/\/tortyrudaslaska.pl\/wp-content\/uploads\/2023\/02\/logo_200x110.png","width":200,"height":110,"caption":"Cukiernia Lux"},"image":{"@id":"https:\/\/tortyrudaslaska.pl\/#\/schema\/logo\/image\/"}}]}},"_links":{"self":[{"href":"https:\/\/tortyrudaslaska.pl\/index.php\/wp-json\/wp\/v2\/product\/1580","targetHints":{"allow":["GET"]}}],"collection":[{"href":"https:\/\/tortyrudaslaska.pl\/index.php\/wp-json\/wp\/v2\/product"}],"about":[{"href":"https:\/\/tortyrudaslaska.pl\/index.php\/wp-json\/wp\/v2\/types\/product"}],"wp:featuredmedia":[{"embeddable":true,"href":"https:\/\/tortyrudaslaska.pl\/index.php\/wp-json\/wp\/v2\/media\/1585"}],"wp:attachment":[{"href":"https:\/\/tortyrudaslaska.pl\/index.php\/wp-json\/wp\/v2\/media?parent=1580"}],"wp:term":[{"taxonomy":"product_brand","embeddable":true,"href":"https:\/\/tortyrudaslaska.pl\/index.php\/wp-json\/wp\/v2\/product_brand?post=1580"},{"taxonomy":"product_cat","embeddable":true,"href":"https:\/\/tortyrudaslaska.pl\/index.php\/wp-json\/wp\/v2\/product_cat?post=1580"},{"taxonomy":"product_tag","embeddable":true,"href":"https:\/\/tortyrudaslaska.pl\/index.php\/wp-json\/wp\/v2\/product_tag?post=1580"}],"curies":[{"name":"wp","href":"https:\/\/api.w.org\/{rel}","templated":true}]}}